{"id":362,"date":"2023-07-28T18:38:49","date_gmt":"2023-07-28T16:38:49","guid":{"rendered":"http:\/\/villasverroust.fr\/?page_id=362"},"modified":"2023-07-28T18:55:36","modified_gmt":"2023-07-28T16:55:36","slug":"the-gulf-of-saint-florent","status":"publish","type":"page","link":"https:\/\/villasverroust.fr\/en\/the-gulf-of-saint-florent\/","title":{"rendered":"The Gulf of Saint Florent"},"content":{"rendered":"<ul>\n<li>\n<p>        <img decoding=\"async\" src=\"\/wp-content\/uploads\/2023\/07\/plage_nonza_villas_verroust.jpg\" alt=\"\"><\/p>\n<div>\n<p>La plage de Nonza<\/p>\n<\/div>\n<\/li>\n<li>\n<p>        <img decoding=\"async\" src=\"\/wp-content\/uploads\/2023\/07\/saleccia_villas_verroust.jpg\" alt=\"\"><\/p>\n<div>Saleccia &#8211; Un paradis sur terre<\/div>\n<\/li>\n<li>\n<p>        <img decoding=\"async\" src=\"\/wp-content\/uploads\/2023\/07\/saint-florent-port-plaisance-nebbio-villas-verroust.jpg\" alt=\"\"><\/p>\n<div>\n<p>Un bijou pr\u00e9serv\u00e9, haut lieu de la plaisance en M\u00e9diterran\u00e9e<\/p>\n<h2>Saint Florent<\/h2>\n<\/div>\n<\/li>\n<li>\n<p>        <img decoding=\"async\" src=\"\/wp-content\/uploads\/2023\/07\/tour-mortella-saint-florent-corse.jpg\" alt=\"\"><\/p>\n<div>\n<p>Au fil de l&#8217;eau se d\u00e9voile la pierre<\/p>\n<h2>Tour de la Mortella<\/h2>\n<\/div>\n<\/li>\n<li>\n<p>        <img decoding=\"async\" src=\"\/wp-content\/uploads\/2023\/07\/golfe_saint_florent_nebbiu_villas_verroust.jpg\" alt=\"\"><\/p>\n<div>\n<p>Au fil de l&#8217;eau se d\u00e9voile la pierre<\/p>\n<h2>Tour de la Mortella<\/h2>\n<\/div>\n<\/li>\n<\/ul>\n<h1>\n<p>The gulf of Saint-Florent<\/p>\n<\/h1>\n<div>\n<p>The fertile region of the Nebbiu (or Conca d\u2019Oru) is located in-between the Cap Corse &#8211; the peninsula at the northernmost point of the island &#8211; and the Agriates desert. Saint-Florent is the main village of the region and a popular summer vacation as its gulf is very appreciated by pleasure boats.<\/p>\n<p>The gulf is situated between the Cap Corse hiking trails and a few white sand beaches, such as Lotu Beach or Saleccia, reachable by boat, taxi-boat, or by the coastal footpath.<\/p>\n<p>The Cap Corse west coast, from Farinole to Centuri, is made of sand or pebble beaches. One of them, at the bottom of Nonza\u2019s Genoese tower, is famous for its 2km long stretch of black pebbles.<\/p>\n<\/div>\n<p><!--more--><br \/>\n<!-- {\"type\":\"layout\",\"children\":[{\"type\":\"section\",\"props\":{\"image_position\":\"center-center\",\"padding\":\"none\",\"style\":\"default\",\"title_breakpoint\":\"xl\",\"title_position\":\"top-left\",\"title_rotation\":\"left\",\"vertical_align\":\"middle\",\"width\":\"\"},\"children\":[{\"type\":\"row\",\"children\":[{\"type\":\"column\",\"props\":{\"image_position\":\"center-center\",\"position_sticky_breakpoint\":\"m\"},\"children\":[{\"type\":\"slideshow\",\"props\":{\"content_style\":\"h3\",\"link_style\":\"default\",\"link_text\":\"Read more\",\"margin\":\"\",\"meta_align\":\"below-title\",\"meta_element\":\"div\",\"meta_style\":\"text-meta\",\"nav\":\"dotnav\",\"nav_align\":\"center\",\"nav_breakpoint\":\"s\",\"nav_position\":\"bottom-center\",\"nav_position_margin\":\"medium\",\"overlay_animation\":\"slide-bottom-medium\",\"overlay_margin\":\"large\",\"overlay_position\":\"center-left\",\"position_left\":\"120\",\"show_content\":true,\"show_link\":true,\"show_meta\":true,\"show_thumbnail\":true,\"show_title\":true,\"slidenav\":\"default\",\"slidenav_breakpoint\":\"s\",\"slidenav_large\":true,\"slidenav_margin\":\"medium\",\"slidenav_outside_breakpoint\":\"xl\",\"slideshow_animation\":\"fade\",\"slideshow_autoplay\":true,\"slideshow_autoplay_interval\":\"7\",\"slideshow_autoplay_pause\":true,\"slideshow_box_shadow\":\"large\",\"slideshow_kenburns\":\"center-center\",\"slideshow_max_height\":\"550\",\"slideshow_min_height\":300,\"text_color\":\"light\",\"thumbnav_height\":\"75\",\"thumbnav_svg_color\":\"emphasis\",\"thumbnav_width\":\"100\",\"title_color\":\"muted\",\"title_element\":\"h3\",\"title_style\":\"h3\"},\"children\":[{\"type\":\"slideshow_item\",\"props\":{\"content\":\"\n\n<p>La plage de Nonza<\\\/p>\",\"image\":\"wp-content\\\/uploads\\\/2023\\\/07\\\/plage_nonza_villas_verroust.jpg\",\"title\":\"\"}},{\"type\":\"slideshow_item\",\"props\":{\"content\":\"Saleccia - Un paradis sur terre\",\"image\":\"wp-content\\\/uploads\\\/2023\\\/07\\\/saleccia_villas_verroust.jpg\"}},{\"type\":\"slideshow_item\",\"props\":{\"content\":\"\n\n<p>Un bijou pr\\u00e9serv\\u00e9, haut lieu de la plaisance en M\\u00e9diterran\\u00e9e<\\\/p>\\n\n\n<h2>Saint Florent<\\\/h2>\",\"image\":\"wp-content\\\/uploads\\\/2023\\\/07\\\/saint-florent-port-plaisance-nebbio-villas-verroust.jpg\"}},{\"type\":\"slideshow_item\",\"props\":{\"content\":\"\n\n<p>Au fil de l'eau se d\\u00e9voile la pierre<\\\/p>\\n\n\n<h2>Tour de la Mortella<\\\/h2>\",\"image\":\"wp-content\\\/uploads\\\/2023\\\/07\\\/tour-mortella-saint-florent-corse.jpg\"}},{\"type\":\"slideshow_item\",\"props\":{\"content\":\"\n\n<p>Au fil de l'eau se d\\u00e9voile la pierre<\\\/p>\\n\n\n<h2>Tour de la Mortella<\\\/h2>\",\"image\":\"wp-content\\\/uploads\\\/2023\\\/07\\\/golfe_saint_florent_nebbiu_villas_verroust.jpg\"}}]}]}]}],\"name\":\"Diaporama\"},{\"type\":\"section\",\"props\":{\"image_position\":\"center-center\",\"style\":\"default\",\"title_breakpoint\":\"xl\",\"title_position\":\"top-left\",\"title_rotation\":\"left\",\"vertical_align\":\"middle\",\"width\":\"default\"},\"children\":[{\"type\":\"row\",\"children\":[{\"type\":\"column\",\"props\":{\"image_position\":\"center-center\",\"position_sticky_breakpoint\":\"m\"},\"children\":[{\"type\":\"headline\",\"props\":{\"content\":\"\n\n<p>The gulf of Saint-Florent<\\\/p>\",\"title_element\":\"h1\"}},{\"type\":\"text\",\"props\":{\"column_breakpoint\":\"m\",\"content\":\"\n\n<p>The fertile region of the Nebbiu (or Conca d\\u2019Oru) is located in-between the Cap Corse - the peninsula at the northernmost point of the island - and the Agriates desert. Saint-Florent is the main village of the region and a popular summer vacation as its gulf is very appreciated by pleasure boats.<\\\/p>\\n\n\n<p>The gulf is situated between the Cap Corse hiking trails and a few white sand beaches, such as Lotu Beach or Saleccia, reachable by boat, taxi-boat, or by the coastal footpath.<\\\/p>\\n\n\n<p>The Cap Corse west coast, from Farinole to Centuri, is made of sand or pebble beaches. One of them, at the bottom of Nonza\\u2019s Genoese tower, is famous for its 2km long stretch of black pebbles.<\\\/p>\",\"margin\":\"default\"}}]}]}]}],\"version\":\"4.0.7\"} --><\/p>\n","protected":false},"excerpt":{"rendered":"<p>La plage de Nonza Saleccia &#8211; Un paradis sur terre Un bijou pr\u00e9serv\u00e9, haut lieu de la plaisance en M\u00e9diterran\u00e9e Saint Florent Au fil de l&#8217;eau se d\u00e9voile la pierre Tour de la Mortella Au fil de l&#8217;eau se d\u00e9voile la pierre Tour de la Mortella The gulf of Saint-Florent The fertile region of the [&hellip;]<\/p>\n","protected":false},"author":1,"featured_media":0,"parent":0,"menu_order":0,"comment_status":"closed","ping_status":"closed","template":"","meta":{"footnotes":""},"class_list":["post-362","page","type-page","status-publish","hentry"],"yoast_head":"<!-- This site is optimized with the Yoast SEO plugin v27.3 - https:\/\/yoast.com\/product\/yoast-seo-wordpress\/ -->\n<title>The Gulf of Saint Florent - Villas Verroust - R\u00e9sidence de Tourisme<\/title>\n<meta name=\"robots\" content=\"index, follow, max-snippet:-1, max-image-preview:large, max-video-preview:-1\" \/>\n<link rel=\"canonical\" href=\"https:\/\/villasverroust.fr\/en\/the-gulf-of-saint-florent\/\" \/>\n<meta property=\"og:locale\" content=\"en_US\" \/>\n<meta property=\"og:type\" content=\"article\" \/>\n<meta property=\"og:title\" content=\"The Gulf of Saint Florent - Villas Verroust - R\u00e9sidence de Tourisme\" \/>\n<meta property=\"og:description\" content=\"La plage de Nonza Saleccia &#8211; Un paradis sur terre Un bijou pr\u00e9serv\u00e9, haut lieu de la plaisance en M\u00e9diterran\u00e9e Saint Florent Au fil de l&#8217;eau se d\u00e9voile la pierre Tour de la Mortella Au fil de l&#8217;eau se d\u00e9voile la pierre Tour de la Mortella The gulf of Saint-Florent The fertile region of the [&hellip;]\" \/>\n<meta property=\"og:url\" content=\"https:\/\/villasverroust.fr\/en\/the-gulf-of-saint-florent\/\" \/>\n<meta property=\"og:site_name\" content=\"Villas Verroust - R\u00e9sidence de Tourisme\" \/>\n<meta property=\"article:modified_time\" content=\"2023-07-28T16:55:36+00:00\" \/>\n<meta name=\"twitter:card\" content=\"summary_large_image\" \/>\n<script type=\"application\/ld+json\" class=\"yoast-schema-graph\">{\"@context\":\"https:\\\/\\\/schema.org\",\"@graph\":[{\"@type\":\"WebPage\",\"@id\":\"https:\\\/\\\/villasverroust.fr\\\/en\\\/the-gulf-of-saint-florent\\\/\",\"url\":\"https:\\\/\\\/villasverroust.fr\\\/en\\\/the-gulf-of-saint-florent\\\/\",\"name\":\"The Gulf of Saint Florent - Villas Verroust - R\u00e9sidence de Tourisme\",\"isPartOf\":{\"@id\":\"https:\\\/\\\/villasverroust.fr\\\/#website\"},\"datePublished\":\"2023-07-28T16:38:49+00:00\",\"dateModified\":\"2023-07-28T16:55:36+00:00\",\"breadcrumb\":{\"@id\":\"https:\\\/\\\/villasverroust.fr\\\/en\\\/the-gulf-of-saint-florent\\\/#breadcrumb\"},\"inLanguage\":\"en-US\",\"potentialAction\":[{\"@type\":\"ReadAction\",\"target\":[\"https:\\\/\\\/villasverroust.fr\\\/en\\\/the-gulf-of-saint-florent\\\/\"]}]},{\"@type\":\"BreadcrumbList\",\"@id\":\"https:\\\/\\\/villasverroust.fr\\\/en\\\/the-gulf-of-saint-florent\\\/#breadcrumb\",\"itemListElement\":[{\"@type\":\"ListItem\",\"position\":1,\"name\":\"Accueil\",\"item\":\"https:\\\/\\\/villasverroust.fr\\\/en\\\/\"},{\"@type\":\"ListItem\",\"position\":2,\"name\":\"The Gulf of Saint Florent\"}]},{\"@type\":\"WebSite\",\"@id\":\"https:\\\/\\\/villasverroust.fr\\\/#website\",\"url\":\"https:\\\/\\\/villasverroust.fr\\\/\",\"name\":\"Villas Verroust - R\u00e9sidence de Tourisme\",\"description\":\"\",\"potentialAction\":[{\"@type\":\"SearchAction\",\"target\":{\"@type\":\"EntryPoint\",\"urlTemplate\":\"https:\\\/\\\/villasverroust.fr\\\/?s={search_term_string}\"},\"query-input\":{\"@type\":\"PropertyValueSpecification\",\"valueRequired\":true,\"valueName\":\"search_term_string\"}}],\"inLanguage\":\"en-US\"}]}<\/script>\n<!-- \/ Yoast SEO plugin. -->","yoast_head_json":{"title":"The Gulf of Saint Florent - Villas Verroust - R\u00e9sidence de Tourisme","robots":{"index":"index","follow":"follow","max-snippet":"max-snippet:-1","max-image-preview":"max-image-preview:large","max-video-preview":"max-video-preview:-1"},"canonical":"https:\/\/villasverroust.fr\/en\/the-gulf-of-saint-florent\/","og_locale":"en_US","og_type":"article","og_title":"The Gulf of Saint Florent - Villas Verroust - R\u00e9sidence de Tourisme","og_description":"La plage de Nonza Saleccia &#8211; Un paradis sur terre Un bijou pr\u00e9serv\u00e9, haut lieu de la plaisance en M\u00e9diterran\u00e9e Saint Florent Au fil de l&#8217;eau se d\u00e9voile la pierre Tour de la Mortella Au fil de l&#8217;eau se d\u00e9voile la pierre Tour de la Mortella The gulf of Saint-Florent The fertile region of the [&hellip;]","og_url":"https:\/\/villasverroust.fr\/en\/the-gulf-of-saint-florent\/","og_site_name":"Villas Verroust - R\u00e9sidence de Tourisme","article_modified_time":"2023-07-28T16:55:36+00:00","twitter_card":"summary_large_image","schema":{"@context":"https:\/\/schema.org","@graph":[{"@type":"WebPage","@id":"https:\/\/villasverroust.fr\/en\/the-gulf-of-saint-florent\/","url":"https:\/\/villasverroust.fr\/en\/the-gulf-of-saint-florent\/","name":"The Gulf of Saint Florent - Villas Verroust - R\u00e9sidence de Tourisme","isPartOf":{"@id":"https:\/\/villasverroust.fr\/#website"},"datePublished":"2023-07-28T16:38:49+00:00","dateModified":"2023-07-28T16:55:36+00:00","breadcrumb":{"@id":"https:\/\/villasverroust.fr\/en\/the-gulf-of-saint-florent\/#breadcrumb"},"inLanguage":"en-US","potentialAction":[{"@type":"ReadAction","target":["https:\/\/villasverroust.fr\/en\/the-gulf-of-saint-florent\/"]}]},{"@type":"BreadcrumbList","@id":"https:\/\/villasverroust.fr\/en\/the-gulf-of-saint-florent\/#breadcrumb","itemListElement":[{"@type":"ListItem","position":1,"name":"Accueil","item":"https:\/\/villasverroust.fr\/en\/"},{"@type":"ListItem","position":2,"name":"The Gulf of Saint Florent"}]},{"@type":"WebSite","@id":"https:\/\/villasverroust.fr\/#website","url":"https:\/\/villasverroust.fr\/","name":"Villas Verroust - R\u00e9sidence de Tourisme","description":"","potentialAction":[{"@type":"SearchAction","target":{"@type":"EntryPoint","urlTemplate":"https:\/\/villasverroust.fr\/?s={search_term_string}"},"query-input":{"@type":"PropertyValueSpecification","valueRequired":true,"valueName":"search_term_string"}}],"inLanguage":"en-US"}]}},"_links":{"self":[{"href":"https:\/\/villasverroust.fr\/en\/wp-json\/wp\/v2\/pages\/362","targetHints":{"allow":["GET"]}}],"collection":[{"href":"https:\/\/villasverroust.fr\/en\/wp-json\/wp\/v2\/pages"}],"about":[{"href":"https:\/\/villasverroust.fr\/en\/wp-json\/wp\/v2\/types\/page"}],"author":[{"embeddable":true,"href":"https:\/\/villasverroust.fr\/en\/wp-json\/wp\/v2\/users\/1"}],"replies":[{"embeddable":true,"href":"https:\/\/villasverroust.fr\/en\/wp-json\/wp\/v2\/comments?post=362"}],"version-history":[{"count":6,"href":"https:\/\/villasverroust.fr\/en\/wp-json\/wp\/v2\/pages\/362\/revisions"}],"predecessor-version":[{"id":370,"href":"https:\/\/villasverroust.fr\/en\/wp-json\/wp\/v2\/pages\/362\/revisions\/370"}],"wp:attachment":[{"href":"https:\/\/villasverroust.fr\/en\/wp-json\/wp\/v2\/media?parent=362"}],"curies":[{"name":"wp","href":"https:\/\/api.w.org\/{rel}","templated":true}]}}