{"id":381,"date":"2017-09-14T13:51:25","date_gmt":"2017-09-14T11:51:25","guid":{"rendered":"http:\/\/villasverroust.fr\/?page_id=381"},"modified":"2023-07-28T19:24:43","modified_gmt":"2023-07-28T17:24:43","slug":"le-patrimoine","status":"publish","type":"page","link":"https:\/\/villasverroust.fr\/en\/le-patrimoine\/","title":{"rendered":"Le Patrimoine"},"content":{"rendered":"<ul>\n<li>\n<p>        <img decoding=\"async\" src=\"\/wp-content\/uploads\/2023\/07\/saint-martin-patrimonio-corse.jpg\" alt=\"\"><\/p>\n<div>\n<h2>Site class\u00e9 monument historique depuis 1939. Construite en 1653, elle domine la vall\u00e9e du Nebbiu et la mer. L&#8217;\u00c9glise Saint Martin<\/h2>\n<\/div>\n<\/li>\n<li>\n<p>        <img decoding=\"async\" src=\"\/wp-content\/uploads\/2023\/07\/tour-mortella-saint-florent-corse.jpg\" alt=\"\"><\/p>\n<div>\n<p>La Tour de la Mortella<\/p>\n<\/div>\n<\/li>\n<li>\n<p>        <img decoding=\"async\" src=\"\/wp-content\/uploads\/2023\/07\/cathedrale_du_nebbiu_villas_verroust.jpg\" alt=\"\"><\/p>\n<div>La cath\u00e9drale du Nebbiu<\/div>\n<\/li>\n<li>\n<p>        <img decoding=\"async\" src=\"\/wp-content\/uploads\/2023\/07\/village_nonza_villas_verroust.jpg\" alt=\"\"><\/p>\n<div>Le Village de Nonza<\/div>\n<\/li>\n<li>\n<p>        <img decoding=\"async\" src=\"\/wp-content\/uploads\/2023\/07\/citadelle_saint_florent_villas_verroust.jpg\" alt=\"\"><\/p>\n<div>La citadelle de St-Florent\n<\/div>\n<\/li>\n<\/ul>\n<h1>The regional heritage<\/h1>\n<div>\n<div class=\"uk-margin-medium\" property=\"text\">\n<p>Quelques chapelles romanes, des \u00e9glises et une cath\u00e9drale, mais aussi, trois statues de menhirs, des tours g\u00e9noises et la citadelle de St Florent font partie du patrimoine culturel de la r\u00e9gion.<\/p>\n<\/div>\n<\/div>\n<p><!--more--><br \/>\n<!-- {\"type\":\"layout\",\"children\":[{\"type\":\"section\",\"props\":{\"image_position\":\"center-center\",\"padding\":\"none\",\"style\":\"default\",\"title_breakpoint\":\"xl\",\"title_position\":\"top-left\",\"title_rotation\":\"left\",\"vertical_align\":\"middle\",\"width\":\"\"},\"children\":[{\"type\":\"row\",\"children\":[{\"type\":\"column\",\"props\":{\"image_position\":\"center-center\",\"position_sticky_breakpoint\":\"m\"},\"children\":[{\"type\":\"slideshow\",\"props\":{\"content_style\":\"h3\",\"link_style\":\"default\",\"link_text\":\"Read more\",\"margin\":\"\",\"meta_align\":\"below-title\",\"meta_element\":\"div\",\"meta_style\":\"text-meta\",\"nav\":\"dotnav\",\"nav_align\":\"center\",\"nav_breakpoint\":\"s\",\"nav_position\":\"bottom-center\",\"nav_position_margin\":\"medium\",\"overlay_animation\":\"slide-bottom-medium\",\"overlay_margin\":\"large\",\"overlay_position\":\"center-left\",\"position_left\":\"120\",\"show_content\":true,\"show_link\":true,\"show_meta\":true,\"show_thumbnail\":true,\"show_title\":true,\"slidenav\":\"default\",\"slidenav_breakpoint\":\"s\",\"slidenav_large\":true,\"slidenav_margin\":\"medium\",\"slidenav_outside_breakpoint\":\"xl\",\"slideshow_animation\":\"fade\",\"slideshow_autoplay\":true,\"slideshow_autoplay_interval\":\"7\",\"slideshow_autoplay_pause\":true,\"slideshow_box_shadow\":\"large\",\"slideshow_kenburns\":\"center-center\",\"slideshow_max_height\":\"550\",\"slideshow_min_height\":300,\"text_color\":\"light\",\"thumbnav_height\":\"75\",\"thumbnav_svg_color\":\"emphasis\",\"thumbnav_width\":\"100\",\"title_color\":\"muted\",\"title_element\":\"h3\",\"title_style\":\"h3\"},\"children\":[{\"type\":\"slideshow_item\",\"props\":{\"content\":\"\n\n<h2>Site class\\u00e9 monument historique depuis 1939. Construite en 1653, elle domine la vall\\u00e9e du Nebbiu et la mer. L'\\u00c9glise Saint Martin<\\\/h2>\",\"image\":\"wp-content\\\/uploads\\\/2023\\\/07\\\/saint-martin-patrimonio-corse.jpg\",\"title\":\"\"}},{\"type\":\"slideshow_item\",\"props\":{\"content\":\"\n\n<p>La Tour de la Mortella<\\\/p>\",\"image\":\"wp-content\\\/uploads\\\/2023\\\/07\\\/tour-mortella-saint-florent-corse.jpg\"}},{\"type\":\"slideshow_item\",\"props\":{\"content\":\"La cath\\u00e9drale du Nebbiu\",\"image\":\"wp-content\\\/uploads\\\/2023\\\/07\\\/cathedrale_du_nebbiu_villas_verroust.jpg\"}},{\"type\":\"slideshow_item\",\"props\":{\"content\":\"Le Village de Nonza\",\"image\":\"wp-content\\\/uploads\\\/2023\\\/07\\\/village_nonza_villas_verroust.jpg\"}},{\"type\":\"slideshow_item\",\"props\":{\"content\":\"La citadelle de St-Florent\\n\",\"image\":\"wp-content\\\/uploads\\\/2023\\\/07\\\/citadelle_saint_florent_villas_verroust.jpg\"}}]}]}]}],\"name\":\"Diaporama\"},{\"type\":\"section\",\"props\":{\"image_position\":\"center-center\",\"style\":\"default\",\"title_breakpoint\":\"xl\",\"title_position\":\"top-left\",\"title_rotation\":\"left\",\"vertical_align\":\"middle\",\"width\":\"default\"},\"children\":[{\"type\":\"row\",\"children\":[{\"type\":\"column\",\"props\":{\"image_position\":\"center-center\",\"position_sticky_breakpoint\":\"m\"},\"children\":[{\"type\":\"headline\",\"props\":{\"content\":\"The regional heritage\",\"title_element\":\"h1\"}},{\"type\":\"text\",\"props\":{\"column_breakpoint\":\"m\",\"content\":\"\n\n<div class=\\\"uk-margin-medium\\\" property=\\\"text\\\">\\n\n\n<p>Quelques chapelles romanes, des \\u00e9glises et une cath\\u00e9drale, mais aussi, trois statues de menhirs, des tours g\\u00e9noises et la citadelle de St Florent font partie du patrimoine culturel de la r\\u00e9gion.<\\\/p>\\n<\\\/div>\",\"margin\":\"default\"}}]}]}]}],\"version\":\"4.0.7\"} --><\/p>\n","protected":false},"excerpt":{"rendered":"<p>Site class\u00e9 monument historique depuis 1939. Construite en 1653, elle domine la vall\u00e9e du Nebbiu et la mer. L&#8217;\u00c9glise Saint Martin La Tour de la Mortella La cath\u00e9drale du Nebbiu Le Village de Nonza La citadelle de St-Florent The regional heritage Quelques chapelles romanes, des \u00e9glises et une cath\u00e9drale, mais aussi, trois statues de menhirs, [&hellip;]<\/p>\n","protected":false},"author":1,"featured_media":0,"parent":0,"menu_order":5,"comment_status":"closed","ping_status":"closed","template":"","meta":{"footnotes":""},"class_list":["post-381","page","type-page","status-publish","hentry"],"yoast_head":"<!-- This site is optimized with the Yoast SEO plugin v27.3 - https:\/\/yoast.com\/product\/yoast-seo-wordpress\/ -->\n<title>Le Patrimoine - Villas Verroust - R\u00e9sidence de Tourisme<\/title>\n<meta name=\"robots\" content=\"index, follow, max-snippet:-1, max-image-preview:large, max-video-preview:-1\" \/>\n<link rel=\"canonical\" href=\"https:\/\/villasverroust.fr\/en\/le-patrimoine\/\" \/>\n<meta property=\"og:locale\" content=\"en_US\" \/>\n<meta property=\"og:type\" content=\"article\" \/>\n<meta property=\"og:title\" content=\"Le Patrimoine - Villas Verroust - R\u00e9sidence de Tourisme\" \/>\n<meta property=\"og:description\" content=\"Site class\u00e9 monument historique depuis 1939. Construite en 1653, elle domine la vall\u00e9e du Nebbiu et la mer. L&#8217;\u00c9glise Saint Martin La Tour de la Mortella La cath\u00e9drale du Nebbiu Le Village de Nonza La citadelle de St-Florent The regional heritage Quelques chapelles romanes, des \u00e9glises et une cath\u00e9drale, mais aussi, trois statues de menhirs, [&hellip;]\" \/>\n<meta property=\"og:url\" content=\"https:\/\/villasverroust.fr\/en\/le-patrimoine\/\" \/>\n<meta property=\"og:site_name\" content=\"Villas Verroust - R\u00e9sidence de Tourisme\" \/>\n<meta property=\"article:modified_time\" content=\"2023-07-28T17:24:43+00:00\" \/>\n<meta name=\"twitter:card\" content=\"summary_large_image\" \/>\n<script type=\"application\/ld+json\" class=\"yoast-schema-graph\">{\"@context\":\"https:\\\/\\\/schema.org\",\"@graph\":[{\"@type\":\"WebPage\",\"@id\":\"https:\\\/\\\/villasverroust.fr\\\/en\\\/le-patrimoine\\\/\",\"url\":\"https:\\\/\\\/villasverroust.fr\\\/en\\\/le-patrimoine\\\/\",\"name\":\"Le Patrimoine - Villas Verroust - R\u00e9sidence de Tourisme\",\"isPartOf\":{\"@id\":\"https:\\\/\\\/villasverroust.fr\\\/#website\"},\"datePublished\":\"2017-09-14T11:51:25+00:00\",\"dateModified\":\"2023-07-28T17:24:43+00:00\",\"breadcrumb\":{\"@id\":\"https:\\\/\\\/villasverroust.fr\\\/en\\\/le-patrimoine\\\/#breadcrumb\"},\"inLanguage\":\"en-US\",\"potentialAction\":[{\"@type\":\"ReadAction\",\"target\":[\"https:\\\/\\\/villasverroust.fr\\\/en\\\/le-patrimoine\\\/\"]}]},{\"@type\":\"BreadcrumbList\",\"@id\":\"https:\\\/\\\/villasverroust.fr\\\/en\\\/le-patrimoine\\\/#breadcrumb\",\"itemListElement\":[{\"@type\":\"ListItem\",\"position\":1,\"name\":\"Accueil\",\"item\":\"https:\\\/\\\/villasverroust.fr\\\/en\\\/\"},{\"@type\":\"ListItem\",\"position\":2,\"name\":\"Le Patrimoine\"}]},{\"@type\":\"WebSite\",\"@id\":\"https:\\\/\\\/villasverroust.fr\\\/#website\",\"url\":\"https:\\\/\\\/villasverroust.fr\\\/\",\"name\":\"Villas Verroust - R\u00e9sidence de Tourisme\",\"description\":\"\",\"potentialAction\":[{\"@type\":\"SearchAction\",\"target\":{\"@type\":\"EntryPoint\",\"urlTemplate\":\"https:\\\/\\\/villasverroust.fr\\\/?s={search_term_string}\"},\"query-input\":{\"@type\":\"PropertyValueSpecification\",\"valueRequired\":true,\"valueName\":\"search_term_string\"}}],\"inLanguage\":\"en-US\"}]}<\/script>\n<!-- \/ Yoast SEO plugin. -->","yoast_head_json":{"title":"Le Patrimoine - Villas Verroust - R\u00e9sidence de Tourisme","robots":{"index":"index","follow":"follow","max-snippet":"max-snippet:-1","max-image-preview":"max-image-preview:large","max-video-preview":"max-video-preview:-1"},"canonical":"https:\/\/villasverroust.fr\/en\/le-patrimoine\/","og_locale":"en_US","og_type":"article","og_title":"Le Patrimoine - Villas Verroust - R\u00e9sidence de Tourisme","og_description":"Site class\u00e9 monument historique depuis 1939. Construite en 1653, elle domine la vall\u00e9e du Nebbiu et la mer. L&#8217;\u00c9glise Saint Martin La Tour de la Mortella La cath\u00e9drale du Nebbiu Le Village de Nonza La citadelle de St-Florent The regional heritage Quelques chapelles romanes, des \u00e9glises et une cath\u00e9drale, mais aussi, trois statues de menhirs, [&hellip;]","og_url":"https:\/\/villasverroust.fr\/en\/le-patrimoine\/","og_site_name":"Villas Verroust - R\u00e9sidence de Tourisme","article_modified_time":"2023-07-28T17:24:43+00:00","twitter_card":"summary_large_image","schema":{"@context":"https:\/\/schema.org","@graph":[{"@type":"WebPage","@id":"https:\/\/villasverroust.fr\/en\/le-patrimoine\/","url":"https:\/\/villasverroust.fr\/en\/le-patrimoine\/","name":"Le Patrimoine - Villas Verroust - R\u00e9sidence de Tourisme","isPartOf":{"@id":"https:\/\/villasverroust.fr\/#website"},"datePublished":"2017-09-14T11:51:25+00:00","dateModified":"2023-07-28T17:24:43+00:00","breadcrumb":{"@id":"https:\/\/villasverroust.fr\/en\/le-patrimoine\/#breadcrumb"},"inLanguage":"en-US","potentialAction":[{"@type":"ReadAction","target":["https:\/\/villasverroust.fr\/en\/le-patrimoine\/"]}]},{"@type":"BreadcrumbList","@id":"https:\/\/villasverroust.fr\/en\/le-patrimoine\/#breadcrumb","itemListElement":[{"@type":"ListItem","position":1,"name":"Accueil","item":"https:\/\/villasverroust.fr\/en\/"},{"@type":"ListItem","position":2,"name":"Le Patrimoine"}]},{"@type":"WebSite","@id":"https:\/\/villasverroust.fr\/#website","url":"https:\/\/villasverroust.fr\/","name":"Villas Verroust - R\u00e9sidence de Tourisme","description":"","potentialAction":[{"@type":"SearchAction","target":{"@type":"EntryPoint","urlTemplate":"https:\/\/villasverroust.fr\/?s={search_term_string}"},"query-input":{"@type":"PropertyValueSpecification","valueRequired":true,"valueName":"search_term_string"}}],"inLanguage":"en-US"}]}},"_links":{"self":[{"href":"https:\/\/villasverroust.fr\/en\/wp-json\/wp\/v2\/pages\/381","targetHints":{"allow":["GET"]}}],"collection":[{"href":"https:\/\/villasverroust.fr\/en\/wp-json\/wp\/v2\/pages"}],"about":[{"href":"https:\/\/villasverroust.fr\/en\/wp-json\/wp\/v2\/types\/page"}],"author":[{"embeddable":true,"href":"https:\/\/villasverroust.fr\/en\/wp-json\/wp\/v2\/users\/1"}],"replies":[{"embeddable":true,"href":"https:\/\/villasverroust.fr\/en\/wp-json\/wp\/v2\/comments?post=381"}],"version-history":[{"count":2,"href":"https:\/\/villasverroust.fr\/en\/wp-json\/wp\/v2\/pages\/381\/revisions"}],"predecessor-version":[{"id":407,"href":"https:\/\/villasverroust.fr\/en\/wp-json\/wp\/v2\/pages\/381\/revisions\/407"}],"wp:attachment":[{"href":"https:\/\/villasverroust.fr\/en\/wp-json\/wp\/v2\/media?parent=381"}],"curies":[{"name":"wp","href":"https:\/\/api.w.org\/{rel}","templated":true}]}}