{"id":385,"date":"2023-07-28T17:26:03","date_gmt":"2023-07-28T15:26:03","guid":{"rendered":"http:\/\/villasverroust.fr\/?page_id=385"},"modified":"2023-07-29T19:00:51","modified_gmt":"2023-07-29T17:00:51","slug":"the-villas","status":"publish","type":"page","link":"https:\/\/villasverroust.fr\/en\/the-villas\/","title":{"rendered":"The villas"},"content":{"rendered":"<ul>\n<li>\n<p>        <img decoding=\"async\" src=\"\/wp-content\/uploads\/2023\/07\/Villa-verroust-patrimonio-exterieur.jpg\" alt=\"\"><\/p>\n<div>\n<p>Face \u00e0 une nature sublime, la villa Foata <br \/>se fond dans le paysage.<\/p>\n<h2>La<strong> s\u00e9r\u00e9nit\u00e9<\/strong><\/h2>\n<\/div>\n<\/li>\n<li>\n<p>        <img decoding=\"async\" src=\"\/wp-content\/uploads\/2023\/07\/villa-verroust-salon-design-cocooning-luxe-corse-patrimonio.jpg\" alt=\"\"><\/p>\n<div>\n<p>Un salon ouvert sur le jardin.<\/p>\n<h2>Farniente<\/h2>\n<\/div>\n<\/li>\n<li>\n<p>        <img decoding=\"async\" src=\"\/wp-content\/uploads\/2023\/07\/villas-verroust-piscine-luxe-design-calme-corse-patrimonio.jpg\" alt=\"\"><\/p>\n<div>\n<p>La piscine aux reflets naturels <br \/>cr\u00e9e une ambiance propice \u00e0 la d\u00e9tente.<\/p>\n<h2>Hors du temps<\/h2>\n<\/div>\n<\/li>\n<li>\n<p>        <img decoding=\"async\" src=\"\/wp-content\/uploads\/2023\/07\/jardin-dejeuner-villas-verroust.jpg\" alt=\"\"><\/p>\n<div>\n<p>On se sent libre, on se sent vivre, on se sent bien&#8230;<\/p>\n<h2>Petit d\u00e9jeuner au jardin<\/h2>\n<\/div>\n<\/li>\n<\/ul>\n<h1><a href=\"\/en\/the-casale-suite\/\">The Casale Suite<\/a><\/h1>\n<div>\n<p>The Casale Suite is an outhouse designed as a sheepfold.<\/p>\n<p><strong>Fully air-conditioned, it is composed of :<\/strong><\/p>\n<ul>\n<li>a bedroom (160&#215;200 queen size bed and 70&#215;200 retractable bed) with separated bathroom<\/li>\n<li>A living room with fully equipped kitchen and wood stove<\/li>\n<li>A terrace with a set of garden furniture<\/li>\n<\/ul>\n<p>The outhouse can welcome 2 adults and a child (70&#215;200 retractable bed). Free Wifi, Sonos sound system and TV included. The Casale Suite is rented as an outhouse for Villa Foata during the summer. During the rest of the year, the Casale Suite is rented for 2 or 3 people separately.<\/p>\n<\/div>\n<p><img decoding=\"async\" src=\"\/wp-content\/uploads\/2023\/07\/terrasse-villa-casale.jpg\" alt=\"\"><br \/>\n<img decoding=\"async\" src=\"\/wp-content\/uploads\/2023\/07\/villa-casale-salle-bain.jpg\" alt=\"\"><br \/>\n<img decoding=\"async\" src=\"\/wp-content\/uploads\/2023\/07\/villa-casale-salle-manger.jpg\" alt=\"\"><br \/>\n<img decoding=\"async\" src=\"\/wp-content\/uploads\/2023\/07\/solarium_villa_casale.jpg\" alt=\"\"><\/p>\n<h1><a href=\"\/en\/villa-foata\/\">Villa Foata<\/a><\/h1>\n<div>\n<div class=\"cat-item-intro-text\">\n<p>A fully air-conditioned, 2422 square feet house, with :<\/p>\n<ul>\n<li>an aisle with two separated bedrooms :<br \/>&#8211; a master bedroom with an Olympic Queen bed and a private bathroom &#8211; a child\u2019s bedroom with two single beds and a private bathroom<\/li>\n<li>two separated bedrooms with Olympic Queen beds and a connecting bathroom<\/li>\n<li>a living room with a multichannel plasma screen<\/li>\n<li>\u00a0a second living room with sliding patio doors overlooking the garden, a central fireplace<br \/>and a fully equipped kitchen<\/li>\n<li>an outdoor dining area, with barbecue and 12 people dining table<\/li>\n<\/ul>\n<p>The house has a welcoming capacity of 8 adults, and comes with the possibility to add one or two folding cribs for babies under 2 years old.<\/p>\n<p>The villa offers free WiFi and a Sonos sound system allowing to play music in the two living rooms and the master bedroom.<\/p>\n<\/div>\n<\/div>\n<p><img decoding=\"async\" src=\"\/wp-content\/uploads\/2023\/07\/salon_tv_villas_verroust.jpg\" alt=\"\"><br \/>\n<img decoding=\"async\" src=\"\/wp-content\/uploads\/2023\/07\/salon_tv_villas_verroust2.jpg\" alt=\"\"><\/p>\n<p><!--more--><br \/>\n<!-- {\"type\":\"layout\",\"children\":[{\"type\":\"section\",\"props\":{\"image_position\":\"center-center\",\"padding\":\"none\",\"style\":\"default\",\"title_breakpoint\":\"xl\",\"title_position\":\"top-left\",\"title_rotation\":\"left\",\"vertical_align\":\"middle\",\"width\":\"\"},\"children\":[{\"type\":\"row\",\"children\":[{\"type\":\"column\",\"props\":{\"image_position\":\"center-center\",\"position_sticky_breakpoint\":\"m\"},\"children\":[{\"type\":\"slideshow\",\"props\":{\"content_style\":\"h3\",\"link_style\":\"default\",\"link_text\":\"Read more\",\"margin\":\"\",\"meta_align\":\"below-title\",\"meta_element\":\"div\",\"meta_style\":\"text-meta\",\"nav\":\"dotnav\",\"nav_align\":\"center\",\"nav_breakpoint\":\"s\",\"nav_position\":\"bottom-center\",\"nav_position_margin\":\"medium\",\"overlay_animation\":\"slide-bottom-medium\",\"overlay_margin\":\"large\",\"overlay_position\":\"center-left\",\"position_left\":\"120\",\"show_content\":true,\"show_link\":true,\"show_meta\":true,\"show_thumbnail\":true,\"show_title\":true,\"slidenav\":\"default\",\"slidenav_breakpoint\":\"s\",\"slidenav_large\":true,\"slidenav_margin\":\"medium\",\"slidenav_outside_breakpoint\":\"xl\",\"slideshow_animation\":\"fade\",\"slideshow_autoplay\":true,\"slideshow_autoplay_interval\":\"7\",\"slideshow_autoplay_pause\":true,\"slideshow_box_shadow\":\"large\",\"slideshow_kenburns\":\"center-center\",\"slideshow_max_height\":\"550\",\"slideshow_min_height\":300,\"text_color\":\"light\",\"thumbnav_height\":\"75\",\"thumbnav_svg_color\":\"emphasis\",\"thumbnav_width\":\"100\",\"title_color\":\"muted\",\"title_element\":\"h3\",\"title_style\":\"h3\"},\"children\":[{\"type\":\"slideshow_item\",\"props\":{\"content\":\"\n\n<p>Face \\u00e0 une nature sublime, la villa Foata <br \\\/>se fond dans le paysage.<\\\/p>\\n\n\n<h2>La<strong> s\\u00e9r\\u00e9nit\\u00e9<\\\/strong><\\\/h2>\",\"image\":\"wp-content\\\/uploads\\\/2023\\\/07\\\/Villa-verroust-patrimonio-exterieur.jpg\",\"title\":\"\"}},{\"type\":\"slideshow_item\",\"props\":{\"content\":\"\n\n<p>Un salon ouvert sur le jardin.<\\\/p>\\n\n\n<h2>Farniente<\\\/h2>\",\"image\":\"wp-content\\\/uploads\\\/2023\\\/07\\\/villa-verroust-salon-design-cocooning-luxe-corse-patrimonio.jpg\"}},{\"type\":\"slideshow_item\",\"props\":{\"content\":\"\n\n<p>La piscine aux reflets naturels <br \\\/>cr\\u00e9e une ambiance propice \\u00e0 la d\\u00e9tente.<\\\/p>\\n\n\n<h2>Hors du temps<\\\/h2>\",\"image\":\"wp-content\\\/uploads\\\/2023\\\/07\\\/villas-verroust-piscine-luxe-design-calme-corse-patrimonio.jpg\"}},{\"type\":\"slideshow_item\",\"props\":{\"content\":\"\n\n<p>On se sent libre, on se sent vivre, on se sent bien...<\\\/p>\\n\n\n<h2>Petit d\\u00e9jeuner au jardin<\\\/h2>\",\"image\":\"wp-content\\\/uploads\\\/2023\\\/07\\\/jardin-dejeuner-villas-verroust.jpg\"}}],\"name\":\"Diaporama Home Page\"}]}]}],\"name\":\"Diaporama\"},{\"type\":\"section\",\"props\":{\"image_position\":\"center-center\",\"style\":\"default\",\"title_breakpoint\":\"xl\",\"title_position\":\"top-left\",\"title_rotation\":\"left\",\"vertical_align\":\"middle\",\"width\":\"default\"},\"children\":[{\"type\":\"row\",\"children\":[{\"type\":\"column\",\"props\":{\"image_position\":\"center-center\",\"position_sticky_breakpoint\":\"m\"},\"children\":[{\"type\":\"headline\",\"props\":{\"content\":\"The Casale Suite\",\"link\":\"\\\/en\\\/the-casale-suite\\\/\",\"title_element\":\"h1\"}},{\"type\":\"text\",\"props\":{\"column_breakpoint\":\"m\",\"content\":\"\n\n<p>The Casale Suite is an outhouse designed as a sheepfold.<\\\/p>\\n\n\n<p><strong>Fully air-conditioned, it is composed of :<\\\/strong><\\\/p>\\n\n\n<ul>\\n\n\n<li>a bedroom (160x200 queen size bed and 70x200 retractable bed) with separated bathroom<\\\/li>\\n\n\n<li>A living room with fully equipped kitchen and wood stove<\\\/li>\\n\n\n<li>A terrace with a set of garden furniture<\\\/li>\\n<\\\/ul>\\n\n\n<p>The outhouse can welcome 2 adults and a child (70x200 retractable bed). Free Wifi, Sonos sound system and TV included. The Casale Suite is rented as an outhouse for Villa Foata during the summer. During the rest of the year, the Casale Suite is rented for 2 or 3 people separately.<\\\/p>\",\"margin\":\"default\"}}]}]},{\"type\":\"row\",\"props\":{\"column_gap\":\"small\",\"layout\":\"3-5,2-5\",\"row_gap\":\"small\"},\"children\":[{\"type\":\"column\",\"props\":{\"image_position\":\"center-center\",\"position_sticky_breakpoint\":\"m\",\"width_medium\":\"3-5\"},\"children\":[{\"type\":\"image\",\"props\":{\"image\":\"wp-content\\\/uploads\\\/2023\\\/07\\\/terrasse-villa-casale.jpg\",\"image_height\":\"300\",\"image_svg_color\":\"emphasis\",\"margin\":\"default\",\"text_align\":\"right\",\"text_align_breakpoint\":\"m\",\"text_align_fallback\":\"center\"}}]},{\"type\":\"column\",\"props\":{\"image_position\":\"center-center\",\"position_sticky_breakpoint\":\"m\",\"width_medium\":\"2-5\"},\"children\":[{\"type\":\"image\",\"props\":{\"image\":\"wp-content\\\/uploads\\\/2023\\\/07\\\/villa-casale-salle-bain.jpg\",\"image_height\":\"300\",\"image_svg_color\":\"emphasis\",\"margin\":\"default\",\"text_align\":\"left\",\"text_align_breakpoint\":\"m\",\"text_align_fallback\":\"center\"}}]}]},{\"type\":\"row\",\"props\":{\"column_gap\":\"small\",\"layout\":\"2-5,3-5\",\"row_gap\":\"small\"},\"children\":[{\"type\":\"column\",\"props\":{\"image_position\":\"center-center\",\"position_sticky_breakpoint\":\"m\",\"width_medium\":\"2-5\"},\"children\":[{\"type\":\"image\",\"props\":{\"image\":\"wp-content\\\/uploads\\\/2023\\\/07\\\/villa-casale-salle-manger.jpg\",\"image_height\":\"300\",\"image_svg_color\":\"emphasis\",\"margin\":\"default\",\"text_align\":\"right\",\"text_align_breakpoint\":\"m\",\"text_align_fallback\":\"center\"}}]},{\"type\":\"column\",\"props\":{\"image_position\":\"center-center\",\"position_sticky_breakpoint\":\"m\",\"width_medium\":\"3-5\"},\"children\":[{\"type\":\"image\",\"props\":{\"image\":\"wp-content\\\/uploads\\\/2023\\\/07\\\/solarium_villa_casale.jpg\",\"image_height\":\"300\",\"image_svg_color\":\"emphasis\",\"margin\":\"default\",\"text_align\":\"left\",\"text_align_breakpoint\":\"m\",\"text_align_fallback\":\"center\"}}]}]}]},{\"type\":\"section\",\"props\":{\"image_position\":\"center-center\",\"style\":\"default\",\"title_breakpoint\":\"xl\",\"title_position\":\"top-left\",\"title_rotation\":\"left\",\"vertical_align\":\"middle\",\"width\":\"default\"},\"children\":[{\"type\":\"row\",\"children\":[{\"type\":\"column\",\"props\":{\"image_position\":\"center-center\",\"position_sticky_breakpoint\":\"m\"},\"children\":[{\"type\":\"headline\",\"props\":{\"content\":\"Villa Foata\",\"link\":\"\\\/en\\\/villa-foata\\\/\",\"title_element\":\"h1\"}},{\"type\":\"text\",\"props\":{\"column_breakpoint\":\"m\",\"content\":\"\n\n<div class=\\\"cat-item-intro-text\\\">\\n\n\n<p>A fully air-conditioned, 2422 square feet house, with :<\\\/p>\\n\n\n<ul>\\n\n\n<li>an aisle with two separated bedrooms :<br \\\/>- a master bedroom with an Olympic Queen bed and a private bathroom - a child\\u2019s bedroom with two single beds and a private bathroom<\\\/li>\\n\n\n<li>two separated bedrooms with Olympic Queen beds and a connecting bathroom<\\\/li>\\n\n\n<li>a living room with a multichannel plasma screen<\\\/li>\\n\n\n<li>\\u00a0a second living room with sliding patio doors overlooking the garden, a central fireplace<br \\\/>and a fully equipped kitchen<\\\/li>\\n\n\n<li>an outdoor dining area, with barbecue and 12 people dining table<\\\/li>\\n<\\\/ul>\\n\n\n<p>The house has a welcoming capacity of 8 adults, and comes with the possibility to add one or two folding cribs for babies under 2 years old.<\\\/p>\\n\n\n<p>The villa offers free WiFi and a Sonos sound system allowing to play music in the two living rooms and the master bedroom.<\\\/p>\\n<\\\/div>\",\"margin\":\"default\"}}]}]},{\"type\":\"row\",\"props\":{\"column_gap\":\"small\",\"layout\":\"3-5,2-5\",\"row_gap\":\"small\"},\"children\":[{\"type\":\"column\",\"props\":{\"image_position\":\"center-center\",\"position_sticky_breakpoint\":\"m\",\"width_medium\":\"3-5\"},\"children\":[{\"type\":\"image\",\"props\":{\"image\":\"wp-content\\\/uploads\\\/2023\\\/07\\\/salon_tv_villas_verroust.jpg\",\"image_height\":\"300\",\"image_svg_color\":\"emphasis\",\"margin\":\"default\",\"text_align\":\"right\",\"text_align_breakpoint\":\"m\",\"text_align_fallback\":\"center\"}}]},{\"type\":\"column\",\"props\":{\"image_position\":\"center-center\",\"position_sticky_breakpoint\":\"m\",\"width_medium\":\"2-5\"},\"children\":[{\"type\":\"image\",\"props\":{\"image\":\"wp-content\\\/uploads\\\/2023\\\/07\\\/salon_tv_villas_verroust2.jpg\",\"image_height\":\"300\",\"image_svg_color\":\"emphasis\",\"margin\":\"default\",\"text_align\":\"left\",\"text_align_breakpoint\":\"m\",\"text_align_fallback\":\"center\"}}]}]}]}],\"version\":\"4.0.8\"} --><\/p>\n","protected":false},"excerpt":{"rendered":"<p>Face \u00e0 une nature sublime, la villa Foata se fond dans le paysage. La s\u00e9r\u00e9nit\u00e9 Un salon ouvert sur le jardin. Farniente La piscine aux reflets naturels cr\u00e9e une ambiance propice \u00e0 la d\u00e9tente. Hors du temps On se sent libre, on se sent vivre, on se sent bien&#8230; Petit d\u00e9jeuner au jardin The Casale [&hellip;]<\/p>\n","protected":false},"author":1,"featured_media":0,"parent":0,"menu_order":0,"comment_status":"closed","ping_status":"closed","template":"","meta":{"footnotes":""},"class_list":["post-385","page","type-page","status-publish","hentry"],"yoast_head":"<!-- This site is optimized with the Yoast SEO plugin v27.3 - https:\/\/yoast.com\/product\/yoast-seo-wordpress\/ -->\n<title>The villas - Villas Verroust - R\u00e9sidence de Tourisme<\/title>\n<meta name=\"robots\" content=\"index, follow, max-snippet:-1, max-image-preview:large, max-video-preview:-1\" \/>\n<link rel=\"canonical\" href=\"https:\/\/villasverroust.fr\/en\/the-villas\/\" \/>\n<meta property=\"og:locale\" content=\"en_US\" \/>\n<meta property=\"og:type\" content=\"article\" \/>\n<meta property=\"og:title\" content=\"The villas - Villas Verroust - R\u00e9sidence de Tourisme\" \/>\n<meta property=\"og:description\" content=\"Face \u00e0 une nature sublime, la villa Foata se fond dans le paysage. La s\u00e9r\u00e9nit\u00e9 Un salon ouvert sur le jardin. Farniente La piscine aux reflets naturels cr\u00e9e une ambiance propice \u00e0 la d\u00e9tente. Hors du temps On se sent libre, on se sent vivre, on se sent bien&#8230; Petit d\u00e9jeuner au jardin The Casale [&hellip;]\" \/>\n<meta property=\"og:url\" content=\"https:\/\/villasverroust.fr\/en\/the-villas\/\" \/>\n<meta property=\"og:site_name\" content=\"Villas Verroust - R\u00e9sidence de Tourisme\" \/>\n<meta property=\"article:modified_time\" content=\"2023-07-29T17:00:51+00:00\" \/>\n<meta name=\"twitter:card\" content=\"summary_large_image\" \/>\n<script type=\"application\/ld+json\" class=\"yoast-schema-graph\">{\"@context\":\"https:\\\/\\\/schema.org\",\"@graph\":[{\"@type\":\"WebPage\",\"@id\":\"https:\\\/\\\/villasverroust.fr\\\/en\\\/the-villas\\\/\",\"url\":\"https:\\\/\\\/villasverroust.fr\\\/en\\\/the-villas\\\/\",\"name\":\"The villas - Villas Verroust - R\u00e9sidence de Tourisme\",\"isPartOf\":{\"@id\":\"https:\\\/\\\/villasverroust.fr\\\/#website\"},\"datePublished\":\"2023-07-28T15:26:03+00:00\",\"dateModified\":\"2023-07-29T17:00:51+00:00\",\"breadcrumb\":{\"@id\":\"https:\\\/\\\/villasverroust.fr\\\/en\\\/the-villas\\\/#breadcrumb\"},\"inLanguage\":\"en-US\",\"potentialAction\":[{\"@type\":\"ReadAction\",\"target\":[\"https:\\\/\\\/villasverroust.fr\\\/en\\\/the-villas\\\/\"]}]},{\"@type\":\"BreadcrumbList\",\"@id\":\"https:\\\/\\\/villasverroust.fr\\\/en\\\/the-villas\\\/#breadcrumb\",\"itemListElement\":[{\"@type\":\"ListItem\",\"position\":1,\"name\":\"Accueil\",\"item\":\"https:\\\/\\\/villasverroust.fr\\\/en\\\/\"},{\"@type\":\"ListItem\",\"position\":2,\"name\":\"The villas\"}]},{\"@type\":\"WebSite\",\"@id\":\"https:\\\/\\\/villasverroust.fr\\\/#website\",\"url\":\"https:\\\/\\\/villasverroust.fr\\\/\",\"name\":\"Villas Verroust - R\u00e9sidence de Tourisme\",\"description\":\"\",\"potentialAction\":[{\"@type\":\"SearchAction\",\"target\":{\"@type\":\"EntryPoint\",\"urlTemplate\":\"https:\\\/\\\/villasverroust.fr\\\/?s={search_term_string}\"},\"query-input\":{\"@type\":\"PropertyValueSpecification\",\"valueRequired\":true,\"valueName\":\"search_term_string\"}}],\"inLanguage\":\"en-US\"}]}<\/script>\n<!-- \/ Yoast SEO plugin. -->","yoast_head_json":{"title":"The villas - Villas Verroust - R\u00e9sidence de Tourisme","robots":{"index":"index","follow":"follow","max-snippet":"max-snippet:-1","max-image-preview":"max-image-preview:large","max-video-preview":"max-video-preview:-1"},"canonical":"https:\/\/villasverroust.fr\/en\/the-villas\/","og_locale":"en_US","og_type":"article","og_title":"The villas - Villas Verroust - R\u00e9sidence de Tourisme","og_description":"Face \u00e0 une nature sublime, la villa Foata se fond dans le paysage. La s\u00e9r\u00e9nit\u00e9 Un salon ouvert sur le jardin. Farniente La piscine aux reflets naturels cr\u00e9e une ambiance propice \u00e0 la d\u00e9tente. Hors du temps On se sent libre, on se sent vivre, on se sent bien&#8230; Petit d\u00e9jeuner au jardin The Casale [&hellip;]","og_url":"https:\/\/villasverroust.fr\/en\/the-villas\/","og_site_name":"Villas Verroust - R\u00e9sidence de Tourisme","article_modified_time":"2023-07-29T17:00:51+00:00","twitter_card":"summary_large_image","schema":{"@context":"https:\/\/schema.org","@graph":[{"@type":"WebPage","@id":"https:\/\/villasverroust.fr\/en\/the-villas\/","url":"https:\/\/villasverroust.fr\/en\/the-villas\/","name":"The villas - Villas Verroust - R\u00e9sidence de Tourisme","isPartOf":{"@id":"https:\/\/villasverroust.fr\/#website"},"datePublished":"2023-07-28T15:26:03+00:00","dateModified":"2023-07-29T17:00:51+00:00","breadcrumb":{"@id":"https:\/\/villasverroust.fr\/en\/the-villas\/#breadcrumb"},"inLanguage":"en-US","potentialAction":[{"@type":"ReadAction","target":["https:\/\/villasverroust.fr\/en\/the-villas\/"]}]},{"@type":"BreadcrumbList","@id":"https:\/\/villasverroust.fr\/en\/the-villas\/#breadcrumb","itemListElement":[{"@type":"ListItem","position":1,"name":"Accueil","item":"https:\/\/villasverroust.fr\/en\/"},{"@type":"ListItem","position":2,"name":"The villas"}]},{"@type":"WebSite","@id":"https:\/\/villasverroust.fr\/#website","url":"https:\/\/villasverroust.fr\/","name":"Villas Verroust - R\u00e9sidence de Tourisme","description":"","potentialAction":[{"@type":"SearchAction","target":{"@type":"EntryPoint","urlTemplate":"https:\/\/villasverroust.fr\/?s={search_term_string}"},"query-input":{"@type":"PropertyValueSpecification","valueRequired":true,"valueName":"search_term_string"}}],"inLanguage":"en-US"}]}},"_links":{"self":[{"href":"https:\/\/villasverroust.fr\/en\/wp-json\/wp\/v2\/pages\/385","targetHints":{"allow":["GET"]}}],"collection":[{"href":"https:\/\/villasverroust.fr\/en\/wp-json\/wp\/v2\/pages"}],"about":[{"href":"https:\/\/villasverroust.fr\/en\/wp-json\/wp\/v2\/types\/page"}],"author":[{"embeddable":true,"href":"https:\/\/villasverroust.fr\/en\/wp-json\/wp\/v2\/users\/1"}],"replies":[{"embeddable":true,"href":"https:\/\/villasverroust.fr\/en\/wp-json\/wp\/v2\/comments?post=385"}],"version-history":[{"count":4,"href":"https:\/\/villasverroust.fr\/en\/wp-json\/wp\/v2\/pages\/385\/revisions"}],"predecessor-version":[{"id":424,"href":"https:\/\/villasverroust.fr\/en\/wp-json\/wp\/v2\/pages\/385\/revisions\/424"}],"wp:attachment":[{"href":"https:\/\/villasverroust.fr\/en\/wp-json\/wp\/v2\/media?parent=385"}],"curies":[{"name":"wp","href":"https:\/\/api.w.org\/{rel}","templated":true}]}}