{"id":400,"date":"2017-09-14T13:51:25","date_gmt":"2017-09-14T11:51:25","guid":{"rendered":"http:\/\/villasverroust.fr\/?page_id=400"},"modified":"2023-07-28T19:17:24","modified_gmt":"2023-07-28T17:17:24","slug":"the-outdoor","status":"publish","type":"page","link":"https:\/\/villasverroust.fr\/en\/the-outdoor\/","title":{"rendered":"THE OUTDOOR"},"content":{"rendered":"<ul>\n<li>\n<p>        <img decoding=\"async\" src=\"\/wp-content\/uploads\/2023\/07\/jardin-dejeuner-villas-verroust.jpg\" alt=\"\"><\/p>\n<div>\n<p>On se sent libre, on se sent vivre, on se sent bien&#8230;<\/p>\n<h2>Petit d\u00e9jeuner au jardin<\/h2>\n<\/div>\n<\/li>\n<li>\n<p>        <img decoding=\"async\" src=\"\/wp-content\/uploads\/2023\/07\/petanque-jardin-boulodrome-villas-verroust.jpg\" alt=\"\"><\/p>\n<div>\n<p>P\u00e9tanque<\/p>\n<\/div>\n<\/li>\n<li>\n<p>        <img decoding=\"async\" src=\"\/wp-content\/uploads\/2023\/07\/table-jardin-dejeuner-villas-verroust.jpg\" alt=\"\"><\/p>\n<\/li>\n<li>\n<p>        <img decoding=\"async\" src=\"\/wp-content\/uploads\/2023\/07\/villas-verroust-piscine-luxe-design-calme-corse-patrimonio-dejeuner.jpg\" alt=\"\"><\/p>\n<\/li>\n<\/ul>\n<h1>\nTHE OUTDOOR<br \/>\n<\/h1>\n<div>\n<p>The estate\u2019s soil is teeming with different plants, its garden offers a swimming pool (49-ft x 11-ft) at controlled temperature, surrounded by a an outfitted wooden terrace, and a p\u00e9tanque strip.<\/p>\n<\/div>\n<div>\n<p>    <img decoding=\"async\" src=\"\/wp-content\/uploads\/2017\/09\/buffet-aperitif-cocktail-piscine_villa_verroust.jpg\" alt=\"\"><\/p>\n<h3>Not deny yourself anything.<\/h3>\n<\/div>\n<ul>\n<li>\n<p>        <img decoding=\"async\" src=\"\/wp-content\/uploads\/2023\/07\/ambiance-parasols-piscine_villa_verroust.jpg\" alt=\"\"><\/p>\n<h3>An atmosphere, a land.<\/h3>\n<\/li>\n<li>\n<p>        <img decoding=\"async\" src=\"\/wp-content\/uploads\/2023\/07\/douche_villa_verroust_piscine.jpg\" alt=\"\"><\/p>\n<h3>Stones, water, wood&#8230;<\/h3>\n<\/li>\n<\/ul>\n<div>\n<p>    <img decoding=\"async\" src=\"\/wp-content\/uploads\/2023\/07\/jardin-villas-verroust-patrimonio.jpg\" alt=\"\"><\/p>\n<h3>An omnipresent nature<\/h3>\n<\/div>\n<p><!--more--><br \/>\n<!-- {\"type\":\"layout\",\"children\":[{\"type\":\"section\",\"props\":{\"image_position\":\"center-center\",\"padding\":\"none\",\"style\":\"default\",\"title_breakpoint\":\"xl\",\"title_position\":\"top-left\",\"title_rotation\":\"left\",\"vertical_align\":\"middle\",\"width\":\"\"},\"children\":[{\"type\":\"row\",\"children\":[{\"type\":\"column\",\"props\":{\"image_position\":\"center-center\",\"position_sticky_breakpoint\":\"m\"},\"children\":[{\"type\":\"slideshow\",\"props\":{\"content_style\":\"h3\",\"link_style\":\"default\",\"link_text\":\"Read more\",\"margin\":\"\",\"meta_align\":\"below-title\",\"meta_element\":\"div\",\"meta_style\":\"text-meta\",\"nav\":\"dotnav\",\"nav_align\":\"center\",\"nav_breakpoint\":\"s\",\"nav_position\":\"bottom-center\",\"nav_position_margin\":\"medium\",\"overlay_animation\":\"slide-bottom-medium\",\"overlay_margin\":\"large\",\"overlay_position\":\"center-left\",\"position_left\":\"120\",\"show_content\":true,\"show_link\":true,\"show_meta\":true,\"show_thumbnail\":true,\"show_title\":true,\"slidenav\":\"default\",\"slidenav_breakpoint\":\"s\",\"slidenav_large\":true,\"slidenav_margin\":\"medium\",\"slidenav_outside_breakpoint\":\"xl\",\"slideshow_animation\":\"fade\",\"slideshow_autoplay\":true,\"slideshow_autoplay_interval\":\"7\",\"slideshow_autoplay_pause\":true,\"slideshow_box_shadow\":\"large\",\"slideshow_kenburns\":\"center-center\",\"slideshow_max_height\":\"550\",\"slideshow_min_height\":300,\"text_color\":\"light\",\"thumbnav_height\":\"75\",\"thumbnav_svg_color\":\"emphasis\",\"thumbnav_width\":\"100\",\"title_color\":\"muted\",\"title_element\":\"h3\",\"title_style\":\"h3\"},\"children\":[{\"type\":\"slideshow_item\",\"props\":{\"content\":\"\n\n<p>On se sent libre, on se sent vivre, on se sent bien...<\\\/p>\\n\n\n<h2>Petit d\\u00e9jeuner au jardin<\\\/h2>\",\"image\":\"wp-content\\\/uploads\\\/2023\\\/07\\\/jardin-dejeuner-villas-verroust.jpg\"}},{\"type\":\"slideshow_item\",\"props\":{\"content\":\"\n\n<p>P\\u00e9tanque<\\\/p>\",\"image\":\"wp-content\\\/uploads\\\/2023\\\/07\\\/petanque-jardin-boulodrome-villas-verroust.jpg\"}},{\"type\":\"slideshow_item\",\"props\":{\"content\":\"\",\"image\":\"wp-content\\\/uploads\\\/2023\\\/07\\\/table-jardin-dejeuner-villas-verroust.jpg\",\"title\":\"\"}},{\"type\":\"slideshow_item\",\"props\":{\"content\":\"\",\"image\":\"wp-content\\\/uploads\\\/2023\\\/07\\\/villas-verroust-piscine-luxe-design-calme-corse-patrimonio-dejeuner.jpg\"}}],\"name\":\"Diaporama Home Page\"}]}]}],\"name\":\"Diaporama\"},{\"type\":\"section\",\"props\":{\"image_position\":\"center-center\",\"style\":\"default\",\"title_breakpoint\":\"xl\",\"title_position\":\"top-left\",\"title_rotation\":\"left\",\"vertical_align\":\"middle\",\"width\":\"default\"},\"children\":[{\"type\":\"row\",\"children\":[{\"type\":\"column\",\"props\":{\"image_position\":\"center-center\",\"position_sticky_breakpoint\":\"m\"},\"children\":[{\"type\":\"headline\",\"props\":{\"content\":\"\\nTHE OUTDOOR\\n\",\"title_element\":\"h1\"}},{\"type\":\"text\",\"props\":{\"column_breakpoint\":\"m\",\"content\":\"\n\n<p>The estate\\u2019s soil is teeming with different plants, its garden offers a swimming pool (49-ft x 11-ft) at controlled temperature, surrounded by a an outfitted wooden terrace, and a p\\u00e9tanque strip.<\\\/p>\",\"margin\":\"default\"}}]}]},{\"type\":\"row\",\"props\":{\"width\":\"xsmall\"},\"children\":[{\"type\":\"column\",\"props\":{\"image_position\":\"center-center\",\"position_sticky_breakpoint\":\"m\"},\"children\":[{\"type\":\"gallery\",\"props\":{\"filter_align\":\"left\",\"filter_all\":true,\"filter_grid_breakpoint\":\"m\",\"filter_grid_width\":\"auto\",\"filter_position\":\"top\",\"filter_style\":\"tab\",\"grid_column_gap\":\"small\",\"grid_default\":\"1\",\"grid_medium\":\"\",\"grid_row_gap\":\"small\",\"image_transition\":\"scale-up\",\"image_width\":\"750\",\"item_animation\":true,\"link_style\":\"default\",\"link_text\":\"Read more\",\"margin\":\"default\",\"meta_align\":\"below-title\",\"meta_element\":\"div\",\"meta_style\":\"\",\"overlay_hover\":false,\"overlay_mode\":\"cover\",\"overlay_position\":\"bottom-left\",\"overlay_style\":\"\",\"overlay_transition\":\"fade\",\"show_content\":true,\"show_hover_image\":true,\"show_link\":true,\"show_meta\":true,\"show_title\":true,\"text_align\":\"center\",\"text_color\":\"light\",\"title_element\":\"h3\",\"title_hover_style\":\"reset\",\"title_style\":\"text-lead\"},\"children\":[{\"type\":\"gallery_item\",\"props\":{\"image\":\"wp-content\\\/uploads\\\/2017\\\/09\\\/buffet-aperitif-cocktail-piscine_villa_verroust.jpg\",\"title\":\"Not deny yourself anything.\"}}]},{\"type\":\"gallery\",\"props\":{\"filter_align\":\"left\",\"filter_all\":true,\"filter_grid_breakpoint\":\"m\",\"filter_grid_width\":\"auto\",\"filter_position\":\"top\",\"filter_style\":\"tab\",\"grid_column_gap\":\"small\",\"grid_default\":\"1\",\"grid_medium\":\"\",\"grid_row_gap\":\"small\",\"grid_small\":\"2\",\"image_height\":\"550\",\"image_transition\":\"scale-up\",\"image_width\":\"500\",\"item_animation\":true,\"link_style\":\"default\",\"link_text\":\"Read more\",\"margin\":\"default\",\"meta_align\":\"below-title\",\"meta_element\":\"div\",\"meta_style\":\"\",\"overlay_hover\":false,\"overlay_mode\":\"cover\",\"overlay_position\":\"bottom-left\",\"overlay_style\":\"\",\"overlay_transition\":\"fade\",\"show_content\":true,\"show_hover_image\":true,\"show_link\":true,\"show_meta\":true,\"show_title\":true,\"text_align\":\"center\",\"text_color\":\"light\",\"title_element\":\"h3\",\"title_hover_style\":\"reset\",\"title_style\":\"text-lead\"},\"children\":[{\"type\":\"gallery_item\",\"props\":{\"image\":\"wp-content\\\/uploads\\\/2023\\\/07\\\/ambiance-parasols-piscine_villa_verroust.jpg\",\"title\":\"An atmosphere, a land.\"}},{\"type\":\"gallery_item\",\"props\":{\"image\":\"wp-content\\\/uploads\\\/2023\\\/07\\\/douche_villa_verroust_piscine.jpg\",\"title\":\"Stones, water, wood...\"}}]},{\"type\":\"gallery\",\"props\":{\"filter_align\":\"left\",\"filter_all\":true,\"filter_grid_breakpoint\":\"m\",\"filter_grid_width\":\"auto\",\"filter_position\":\"top\",\"filter_style\":\"tab\",\"grid_column_gap\":\"small\",\"grid_default\":\"1\",\"grid_medium\":\"\",\"grid_row_gap\":\"small\",\"image_transition\":\"scale-up\",\"image_width\":\"750\",\"item_animation\":true,\"link_style\":\"default\",\"link_text\":\"Read more\",\"margin\":\"default\",\"meta_align\":\"below-title\",\"meta_element\":\"div\",\"meta_style\":\"\",\"overlay_hover\":false,\"overlay_mode\":\"cover\",\"overlay_position\":\"bottom-left\",\"overlay_style\":\"\",\"overlay_transition\":\"fade\",\"show_content\":true,\"show_hover_image\":true,\"show_link\":true,\"show_meta\":true,\"show_title\":true,\"text_align\":\"center\",\"text_color\":\"light\",\"title_element\":\"h3\",\"title_hover_style\":\"reset\",\"title_style\":\"text-lead\"},\"children\":[{\"type\":\"gallery_item\",\"props\":{\"image\":\"wp-content\\\/uploads\\\/2023\\\/07\\\/jardin-villas-verroust-patrimonio.jpg\",\"title\":\"An omnipresent nature\"}}]}]}]}]}],\"version\":\"4.0.7\"} --><\/p>\n","protected":false},"excerpt":{"rendered":"<p>On se sent libre, on se sent vivre, on se sent bien&#8230; Petit d\u00e9jeuner au jardin P\u00e9tanque THE OUTDOOR The estate\u2019s soil is teeming with different plants, its garden offers a swimming pool (49-ft x 11-ft) at controlled temperature, surrounded by a an outfitted wooden terrace, and a p\u00e9tanque strip. Not deny yourself anything. An [&hellip;]<\/p>\n","protected":false},"author":1,"featured_media":107,"parent":0,"menu_order":8,"comment_status":"closed","ping_status":"closed","template":"","meta":{"footnotes":""},"class_list":["post-400","page","type-page","status-publish","has-post-thumbnail","hentry"],"yoast_head":"<!-- This site is optimized with the Yoast SEO plugin v27.3 - https:\/\/yoast.com\/product\/yoast-seo-wordpress\/ -->\n<title>THE OUTDOOR - Villas Verroust - R\u00e9sidence de Tourisme<\/title>\n<meta name=\"robots\" content=\"index, follow, max-snippet:-1, max-image-preview:large, max-video-preview:-1\" \/>\n<link rel=\"canonical\" href=\"https:\/\/villasverroust.fr\/en\/the-outdoor\/\" \/>\n<meta property=\"og:locale\" content=\"en_US\" \/>\n<meta property=\"og:type\" content=\"article\" \/>\n<meta property=\"og:title\" content=\"THE OUTDOOR - Villas Verroust - R\u00e9sidence de Tourisme\" \/>\n<meta property=\"og:description\" content=\"On se sent libre, on se sent vivre, on se sent bien&#8230; Petit d\u00e9jeuner au jardin P\u00e9tanque THE OUTDOOR The estate\u2019s soil is teeming with different plants, its garden offers a swimming pool (49-ft x 11-ft) at controlled temperature, surrounded by a an outfitted wooden terrace, and a p\u00e9tanque strip. Not deny yourself anything. An [&hellip;]\" \/>\n<meta property=\"og:url\" content=\"https:\/\/villasverroust.fr\/en\/the-outdoor\/\" \/>\n<meta property=\"og:site_name\" content=\"Villas Verroust - R\u00e9sidence de Tourisme\" \/>\n<meta property=\"article:modified_time\" content=\"2023-07-28T17:17:24+00:00\" \/>\n<meta property=\"og:image\" content=\"https:\/\/villasverroust.fr\/wp-content\/uploads\/2017\/09\/buffet-aperitif-cocktail-piscine_villa_verroust.jpg\" \/>\n\t<meta property=\"og:image:width\" content=\"674\" \/>\n\t<meta property=\"og:image:height\" content=\"500\" \/>\n\t<meta property=\"og:image:type\" content=\"image\/jpeg\" \/>\n<meta name=\"twitter:card\" content=\"summary_large_image\" \/>\n<script type=\"application\/ld+json\" class=\"yoast-schema-graph\">{\"@context\":\"https:\\\/\\\/schema.org\",\"@graph\":[{\"@type\":\"WebPage\",\"@id\":\"https:\\\/\\\/villasverroust.fr\\\/en\\\/the-outdoor\\\/\",\"url\":\"https:\\\/\\\/villasverroust.fr\\\/en\\\/the-outdoor\\\/\",\"name\":\"THE OUTDOOR - Villas Verroust - R\u00e9sidence de Tourisme\",\"isPartOf\":{\"@id\":\"https:\\\/\\\/villasverroust.fr\\\/#website\"},\"primaryImageOfPage\":{\"@id\":\"https:\\\/\\\/villasverroust.fr\\\/en\\\/the-outdoor\\\/#primaryimage\"},\"image\":{\"@id\":\"https:\\\/\\\/villasverroust.fr\\\/en\\\/the-outdoor\\\/#primaryimage\"},\"thumbnailUrl\":\"https:\\\/\\\/villasverroust.fr\\\/wp-content\\\/uploads\\\/2017\\\/09\\\/buffet-aperitif-cocktail-piscine_villa_verroust.jpg\",\"datePublished\":\"2017-09-14T11:51:25+00:00\",\"dateModified\":\"2023-07-28T17:17:24+00:00\",\"breadcrumb\":{\"@id\":\"https:\\\/\\\/villasverroust.fr\\\/en\\\/the-outdoor\\\/#breadcrumb\"},\"inLanguage\":\"en-US\",\"potentialAction\":[{\"@type\":\"ReadAction\",\"target\":[\"https:\\\/\\\/villasverroust.fr\\\/en\\\/the-outdoor\\\/\"]}]},{\"@type\":\"ImageObject\",\"inLanguage\":\"en-US\",\"@id\":\"https:\\\/\\\/villasverroust.fr\\\/en\\\/the-outdoor\\\/#primaryimage\",\"url\":\"https:\\\/\\\/villasverroust.fr\\\/wp-content\\\/uploads\\\/2017\\\/09\\\/buffet-aperitif-cocktail-piscine_villa_verroust.jpg\",\"contentUrl\":\"https:\\\/\\\/villasverroust.fr\\\/wp-content\\\/uploads\\\/2017\\\/09\\\/buffet-aperitif-cocktail-piscine_villa_verroust.jpg\",\"width\":674,\"height\":500},{\"@type\":\"BreadcrumbList\",\"@id\":\"https:\\\/\\\/villasverroust.fr\\\/en\\\/the-outdoor\\\/#breadcrumb\",\"itemListElement\":[{\"@type\":\"ListItem\",\"position\":1,\"name\":\"Accueil\",\"item\":\"https:\\\/\\\/villasverroust.fr\\\/en\\\/\"},{\"@type\":\"ListItem\",\"position\":2,\"name\":\"THE OUTDOOR\"}]},{\"@type\":\"WebSite\",\"@id\":\"https:\\\/\\\/villasverroust.fr\\\/#website\",\"url\":\"https:\\\/\\\/villasverroust.fr\\\/\",\"name\":\"Villas Verroust - R\u00e9sidence de Tourisme\",\"description\":\"\",\"potentialAction\":[{\"@type\":\"SearchAction\",\"target\":{\"@type\":\"EntryPoint\",\"urlTemplate\":\"https:\\\/\\\/villasverroust.fr\\\/?s={search_term_string}\"},\"query-input\":{\"@type\":\"PropertyValueSpecification\",\"valueRequired\":true,\"valueName\":\"search_term_string\"}}],\"inLanguage\":\"en-US\"}]}<\/script>\n<!-- \/ Yoast SEO plugin. -->","yoast_head_json":{"title":"THE OUTDOOR - Villas Verroust - R\u00e9sidence de Tourisme","robots":{"index":"index","follow":"follow","max-snippet":"max-snippet:-1","max-image-preview":"max-image-preview:large","max-video-preview":"max-video-preview:-1"},"canonical":"https:\/\/villasverroust.fr\/en\/the-outdoor\/","og_locale":"en_US","og_type":"article","og_title":"THE OUTDOOR - Villas Verroust - R\u00e9sidence de Tourisme","og_description":"On se sent libre, on se sent vivre, on se sent bien&#8230; Petit d\u00e9jeuner au jardin P\u00e9tanque THE OUTDOOR The estate\u2019s soil is teeming with different plants, its garden offers a swimming pool (49-ft x 11-ft) at controlled temperature, surrounded by a an outfitted wooden terrace, and a p\u00e9tanque strip. Not deny yourself anything. An [&hellip;]","og_url":"https:\/\/villasverroust.fr\/en\/the-outdoor\/","og_site_name":"Villas Verroust - R\u00e9sidence de Tourisme","article_modified_time":"2023-07-28T17:17:24+00:00","og_image":[{"width":674,"height":500,"url":"https:\/\/villasverroust.fr\/wp-content\/uploads\/2017\/09\/buffet-aperitif-cocktail-piscine_villa_verroust.jpg","type":"image\/jpeg"}],"twitter_card":"summary_large_image","schema":{"@context":"https:\/\/schema.org","@graph":[{"@type":"WebPage","@id":"https:\/\/villasverroust.fr\/en\/the-outdoor\/","url":"https:\/\/villasverroust.fr\/en\/the-outdoor\/","name":"THE OUTDOOR - Villas Verroust - R\u00e9sidence de Tourisme","isPartOf":{"@id":"https:\/\/villasverroust.fr\/#website"},"primaryImageOfPage":{"@id":"https:\/\/villasverroust.fr\/en\/the-outdoor\/#primaryimage"},"image":{"@id":"https:\/\/villasverroust.fr\/en\/the-outdoor\/#primaryimage"},"thumbnailUrl":"https:\/\/villasverroust.fr\/wp-content\/uploads\/2017\/09\/buffet-aperitif-cocktail-piscine_villa_verroust.jpg","datePublished":"2017-09-14T11:51:25+00:00","dateModified":"2023-07-28T17:17:24+00:00","breadcrumb":{"@id":"https:\/\/villasverroust.fr\/en\/the-outdoor\/#breadcrumb"},"inLanguage":"en-US","potentialAction":[{"@type":"ReadAction","target":["https:\/\/villasverroust.fr\/en\/the-outdoor\/"]}]},{"@type":"ImageObject","inLanguage":"en-US","@id":"https:\/\/villasverroust.fr\/en\/the-outdoor\/#primaryimage","url":"https:\/\/villasverroust.fr\/wp-content\/uploads\/2017\/09\/buffet-aperitif-cocktail-piscine_villa_verroust.jpg","contentUrl":"https:\/\/villasverroust.fr\/wp-content\/uploads\/2017\/09\/buffet-aperitif-cocktail-piscine_villa_verroust.jpg","width":674,"height":500},{"@type":"BreadcrumbList","@id":"https:\/\/villasverroust.fr\/en\/the-outdoor\/#breadcrumb","itemListElement":[{"@type":"ListItem","position":1,"name":"Accueil","item":"https:\/\/villasverroust.fr\/en\/"},{"@type":"ListItem","position":2,"name":"THE OUTDOOR"}]},{"@type":"WebSite","@id":"https:\/\/villasverroust.fr\/#website","url":"https:\/\/villasverroust.fr\/","name":"Villas Verroust - R\u00e9sidence de Tourisme","description":"","potentialAction":[{"@type":"SearchAction","target":{"@type":"EntryPoint","urlTemplate":"https:\/\/villasverroust.fr\/?s={search_term_string}"},"query-input":{"@type":"PropertyValueSpecification","valueRequired":true,"valueName":"search_term_string"}}],"inLanguage":"en-US"}]}},"_links":{"self":[{"href":"https:\/\/villasverroust.fr\/en\/wp-json\/wp\/v2\/pages\/400","targetHints":{"allow":["GET"]}}],"collection":[{"href":"https:\/\/villasverroust.fr\/en\/wp-json\/wp\/v2\/pages"}],"about":[{"href":"https:\/\/villasverroust.fr\/en\/wp-json\/wp\/v2\/types\/page"}],"author":[{"embeddable":true,"href":"https:\/\/villasverroust.fr\/en\/wp-json\/wp\/v2\/users\/1"}],"replies":[{"embeddable":true,"href":"https:\/\/villasverroust.fr\/en\/wp-json\/wp\/v2\/comments?post=400"}],"version-history":[{"count":3,"href":"https:\/\/villasverroust.fr\/en\/wp-json\/wp\/v2\/pages\/400\/revisions"}],"predecessor-version":[{"id":404,"href":"https:\/\/villasverroust.fr\/en\/wp-json\/wp\/v2\/pages\/400\/revisions\/404"}],"wp:featuredmedia":[{"embeddable":true,"href":"https:\/\/villasverroust.fr\/en\/wp-json\/wp\/v2\/media\/107"}],"wp:attachment":[{"href":"https:\/\/villasverroust.fr\/en\/wp-json\/wp\/v2\/media?parent=400"}],"curies":[{"name":"wp","href":"https:\/\/api.w.org\/{rel}","templated":true}]}}